{"id":947,"date":"2026-04-05T02:20:54","date_gmt":"2026-04-05T05:20:54","guid":{"rendered":"https:\/\/arthureletromoveis.com.br\/?post_type=product&#038;p=947"},"modified":"2026-04-05T02:20:55","modified_gmt":"2026-04-05T05:20:55","slug":"mesa-dara-tampo-vidro-com-06-cadeiras-cinamomo-off-white","status":"publish","type":"product","link":"https:\/\/arthureletromoveis.com.br\/?product=mesa-dara-tampo-vidro-com-06-cadeiras-cinamomo-off-white","title":{"rendered":"MESA DARA TAMPO VIDRO COM 06 CADEIRAS CINAMOMO\/OFF WHITE"},"content":{"rendered":"<table class=\"w-fit min-w-(--thread-content-width)\" data-start=\"12\" data-end=\"524\">\n<thead data-start=\"12\" data-end=\"41\">\n<tr data-start=\"12\" data-end=\"41\">\n<th data-start=\"12\" data-end=\"29\" data-col-size=\"sm\">Caracter\u00edstica<\/th>\n<th data-start=\"29\" data-end=\"41\" data-col-size=\"sm\">Detalhes<\/th>\n<\/tr>\n<\/thead>\n<tbody data-start=\"72\" data-end=\"524\">\n<tr data-start=\"72\" data-end=\"117\">\n<td data-start=\"72\" data-end=\"92\" data-col-size=\"sm\">Dimens\u00f5es da Mesa<\/td>\n<td data-col-size=\"sm\" data-start=\"92\" data-end=\"117\">1,80m (C) x 0,90m (L)<\/td>\n<\/tr>\n<tr data-start=\"118\" data-end=\"136\">\n<td data-start=\"118\" data-end=\"127\" data-col-size=\"sm\">Altura<\/td>\n<td data-start=\"127\" data-end=\"136\" data-col-size=\"sm\">80 cm<\/td>\n<\/tr>\n<tr data-start=\"137\" data-end=\"180\">\n<td data-start=\"137\" data-end=\"145\" data-col-size=\"sm\">Tampo<\/td>\n<td data-col-size=\"sm\" data-start=\"145\" data-end=\"180\">Vidro temperado 4mm \u2013 Off White<\/td>\n<\/tr>\n<tr data-start=\"181\" data-end=\"242\">\n<td data-start=\"181\" data-end=\"201\" data-col-size=\"sm\">Estrutura da Mesa<\/td>\n<td data-col-size=\"sm\" data-start=\"201\" data-end=\"242\">MDP\/MDF \u2013 Cinamomo com Laca Off White<\/td>\n<\/tr>\n<tr data-start=\"243\" data-end=\"273\">\n<td data-start=\"243\" data-end=\"268\" data-col-size=\"sm\">Quantidade de Cadeiras<\/td>\n<td data-col-size=\"sm\" data-start=\"268\" data-end=\"273\">6<\/td>\n<\/tr>\n<tr data-start=\"274\" data-end=\"328\">\n<td data-start=\"274\" data-end=\"302\" data-col-size=\"sm\">Revestimento das Cadeiras<\/td>\n<td data-col-size=\"sm\" data-start=\"302\" data-end=\"328\">Tecido Tec163 Castanho<\/td>\n<\/tr>\n<tr data-start=\"329\" data-end=\"377\">\n<td data-start=\"329\" data-end=\"354\" data-col-size=\"sm\">Estrutura das Cadeiras<\/td>\n<td data-col-size=\"sm\" data-start=\"354\" data-end=\"377\">Acabamento Cinamomo<\/td>\n<\/tr>\n<tr data-start=\"378\" data-end=\"419\">\n<td data-start=\"378\" data-end=\"391\" data-col-size=\"sm\">Capacidade<\/td>\n<td data-col-size=\"sm\" data-start=\"391\" data-end=\"419\">Ideal para at\u00e9 6 pessoas<\/td>\n<\/tr>\n<tr data-start=\"420\" data-end=\"443\">\n<td data-start=\"420\" data-end=\"433\" data-col-size=\"sm\">Peso Total<\/td>\n<td data-col-size=\"sm\" data-start=\"433\" data-end=\"443\">116 kg<\/td>\n<\/tr>\n<tr data-start=\"444\" data-end=\"475\">\n<td data-start=\"444\" data-end=\"453\" data-col-size=\"sm\">Estilo<\/td>\n<td data-col-size=\"sm\" data-start=\"453\" data-end=\"475\">Moderno \/ Elegante<\/td>\n<\/tr>\n<tr data-start=\"476\" data-end=\"524\">\n<td data-start=\"476\" data-end=\"491\" data-col-size=\"sm\">Durabilidade<\/td>\n<td data-col-size=\"sm\" data-start=\"491\" data-end=\"524\">Materiais de alta resist\u00eancia<\/td>\n<\/tr>\n<\/tbody>\n<\/table>\n","protected":false},"excerpt":{"rendered":"<p>Conjunto de mesa para 6 lugares com design moderno, tampo em vidro temperado off white e estrutura robusta em MDP\/MDF. As cadeiras possuem revestimento em tecido castanho, estrutura em cinamomo e oferecem conforto e durabilidade. Um conjunto elegante, resistente e f\u00e1cil de combinar com qualquer decora\u00e7\u00e3o. Ideal para quem busca estilo e funcionalidade no ambiente.<\/p>\n","protected":false},"featured_media":948,"comment_status":"open","ping_status":"closed","template":"","meta":[],"product_brand":[],"product_cat":[15,17,100],"product_tag":[219],"class_list":{"0":"post-947","1":"product","2":"type-product","3":"status-publish","4":"has-post-thumbnail","6":"product_cat-todos-produtos","7":"product_cat-moveis","8":"product_cat-sala-de-jantar","9":"product_tag-cod-3945","11":"first","12":"instock","13":"sale","14":"shipping-taxable","15":"purchasable","16":"product-type-simple"},"_links":{"self":[{"href":"https:\/\/arthureletromoveis.com.br\/index.php?rest_route=\/wp\/v2\/product\/947","targetHints":{"allow":["GET"]}}],"collection":[{"href":"https:\/\/arthureletromoveis.com.br\/index.php?rest_route=\/wp\/v2\/product"}],"about":[{"href":"https:\/\/arthureletromoveis.com.br\/index.php?rest_route=\/wp\/v2\/types\/product"}],"replies":[{"embeddable":true,"href":"https:\/\/arthureletromoveis.com.br\/index.php?rest_route=%2Fwp%2Fv2%2Fcomments&post=947"}],"wp:featuredmedia":[{"embeddable":true,"href":"https:\/\/arthureletromoveis.com.br\/index.php?rest_route=\/wp\/v2\/media\/948"}],"wp:attachment":[{"href":"https:\/\/arthureletromoveis.com.br\/index.php?rest_route=%2Fwp%2Fv2%2Fmedia&parent=947"}],"wp:term":[{"taxonomy":"product_brand","embeddable":true,"href":"https:\/\/arthureletromoveis.com.br\/index.php?rest_route=%2Fwp%2Fv2%2Fproduct_brand&post=947"},{"taxonomy":"product_cat","embeddable":true,"href":"https:\/\/arthureletromoveis.com.br\/index.php?rest_route=%2Fwp%2Fv2%2Fproduct_cat&post=947"},{"taxonomy":"product_tag","embeddable":true,"href":"https:\/\/arthureletromoveis.com.br\/index.php?rest_route=%2Fwp%2Fv2%2Fproduct_tag&post=947"}],"curies":[{"name":"wp","href":"https:\/\/api.w.org\/{rel}","templated":true}]}}