{"id":1245,"date":"2026-04-05T03:20:28","date_gmt":"2026-04-05T06:20:28","guid":{"rendered":"https:\/\/arthureletromoveis.com.br\/?post_type=product&#038;p=1245"},"modified":"2026-04-05T03:20:28","modified_gmt":"2026-04-05T06:20:28","slug":"comoda-04-gavetas-malu-cinamomo-off-white","status":"publish","type":"product","link":"https:\/\/arthureletromoveis.com.br\/?product=comoda-04-gavetas-malu-cinamomo-off-white","title":{"rendered":"COMODA 04 GAVETAS MALU CINAMOMO\/OFF WHITE"},"content":{"rendered":"<table>\n<thead>\n<tr>\n<th><strong>Caracter\u00edstica<\/strong><\/th>\n<th><strong>Descri\u00e7\u00e3o<\/strong><\/th>\n<\/tr>\n<\/thead>\n<tbody>\n<tr>\n<td>Tipo de produto<\/td>\n<td>C\u00f4moda<\/td>\n<\/tr>\n<tr>\n<td>Modelo<\/td>\n<td>Malu<\/td>\n<\/tr>\n<tr>\n<td>Cor<\/td>\n<td>Cinamomo \/ Off White<\/td>\n<\/tr>\n<tr>\n<td>Material da estrutura<\/td>\n<td>MDF<\/td>\n<\/tr>\n<tr>\n<td>Quantidade de gavetas<\/td>\n<td>4<\/td>\n<\/tr>\n<tr>\n<td>Tipo de corredi\u00e7a<\/td>\n<td>Telesc\u00f3pica<\/td>\n<\/tr>\n<tr>\n<td>Quantidade de portas<\/td>\n<td>1<\/td>\n<\/tr>\n<tr>\n<td>Quantidade de prateleiras internas<\/td>\n<td>2<\/td>\n<\/tr>\n<tr>\n<td>Sistema de abertura<\/td>\n<td>Corredi\u00e7a telesc\u00f3pica (gavetas)<\/td>\n<\/tr>\n<tr>\n<td>P\u00e9s<\/td>\n<td>Sim<\/td>\n<\/tr>\n<tr>\n<td>Altura<\/td>\n<td>110 cm<\/td>\n<\/tr>\n<tr>\n<td>Largura<\/td>\n<td>121,1 cm<\/td>\n<\/tr>\n<tr>\n<td>Profundidade<\/td>\n<td>46,7 cm<\/td>\n<\/tr>\n<tr>\n<td>Peso<\/td>\n<td>66,21 kg<\/td>\n<\/tr>\n<tr>\n<td>Embalagem para envio<\/td>\n<td>Caixa<\/td>\n<\/tr>\n<tr>\n<td>Adequado para envio<\/td>\n<td>Sim<\/td>\n<\/tr>\n<\/tbody>\n<\/table>\n","protected":false},"excerpt":{"rendered":"<p>A C\u00f4moda Malu combina funcionalidade e espa\u00e7o interno amplo, ideal para manter o quarto organizado. Com quatro gavetas espa\u00e7osas em corredi\u00e7a telesc\u00f3pica, uma porta lateral e duas prateleiras internas, oferece praticidade no dia a dia. Produzida em MDF e com visual em Cinamomo\/Off White, entrega durabilidade, acabamento moderno e alta capacidade de armazenamento.<\/p>\n","protected":false},"featured_media":1248,"comment_status":"open","ping_status":"closed","template":"","meta":[],"product_brand":[],"product_cat":[15,17],"product_tag":[221],"class_list":{"0":"post-1245","1":"product","2":"type-product","3":"status-publish","4":"has-post-thumbnail","6":"product_cat-todos-produtos","7":"product_cat-moveis","8":"product_tag-cod-4675","10":"first","11":"instock","12":"sale","13":"shipping-taxable","14":"purchasable","15":"product-type-simple"},"_links":{"self":[{"href":"https:\/\/arthureletromoveis.com.br\/index.php?rest_route=\/wp\/v2\/product\/1245","targetHints":{"allow":["GET"]}}],"collection":[{"href":"https:\/\/arthureletromoveis.com.br\/index.php?rest_route=\/wp\/v2\/product"}],"about":[{"href":"https:\/\/arthureletromoveis.com.br\/index.php?rest_route=\/wp\/v2\/types\/product"}],"replies":[{"embeddable":true,"href":"https:\/\/arthureletromoveis.com.br\/index.php?rest_route=%2Fwp%2Fv2%2Fcomments&post=1245"}],"wp:featuredmedia":[{"embeddable":true,"href":"https:\/\/arthureletromoveis.com.br\/index.php?rest_route=\/wp\/v2\/media\/1248"}],"wp:attachment":[{"href":"https:\/\/arthureletromoveis.com.br\/index.php?rest_route=%2Fwp%2Fv2%2Fmedia&parent=1245"}],"wp:term":[{"taxonomy":"product_brand","embeddable":true,"href":"https:\/\/arthureletromoveis.com.br\/index.php?rest_route=%2Fwp%2Fv2%2Fproduct_brand&post=1245"},{"taxonomy":"product_cat","embeddable":true,"href":"https:\/\/arthureletromoveis.com.br\/index.php?rest_route=%2Fwp%2Fv2%2Fproduct_cat&post=1245"},{"taxonomy":"product_tag","embeddable":true,"href":"https:\/\/arthureletromoveis.com.br\/index.php?rest_route=%2Fwp%2Fv2%2Fproduct_tag&post=1245"}],"curies":[{"name":"wp","href":"https:\/\/api.w.org\/{rel}","templated":true}]}}