{"id":1229,"date":"2026-04-05T02:05:30","date_gmt":"2026-04-05T05:05:30","guid":{"rendered":"https:\/\/arthureletromoveis.com.br\/?post_type=product&#038;p=1229"},"modified":"2026-04-05T02:05:30","modified_gmt":"2026-04-05T05:05:30","slug":"rack-linea-1-4m-nature-of-white","status":"publish","type":"product","link":"https:\/\/arthureletromoveis.com.br\/?product=rack-linea-1-4m-nature-of-white","title":{"rendered":"RACK LINEA 1.4M NATURE OF WHITE"},"content":{"rendered":"<table class=\"w-fit min-w-(--thread-content-width)\" data-start=\"535\" data-end=\"1106\">\n<thead data-start=\"535\" data-end=\"573\">\n<tr data-start=\"535\" data-end=\"573\">\n<th class=\"\" data-start=\"535\" data-end=\"556\" data-col-size=\"sm\"><strong data-start=\"537\" data-end=\"555\">Caracter\u00edstica<\/strong><\/th>\n<th class=\"\" data-start=\"556\" data-end=\"573\" data-col-size=\"md\"><strong data-start=\"558\" data-end=\"571\">Descri\u00e7\u00e3o<\/strong><\/th>\n<\/tr>\n<\/thead>\n<tbody data-start=\"613\" data-end=\"1106\">\n<tr data-start=\"613\" data-end=\"639\">\n<td data-start=\"613\" data-end=\"631\" data-col-size=\"sm\">Tipo de produto<\/td>\n<td data-col-size=\"md\" data-start=\"631\" data-end=\"639\">Rack<\/td>\n<\/tr>\n<tr data-start=\"640\" data-end=\"659\">\n<td data-start=\"640\" data-end=\"650\" data-col-size=\"sm\">Tamanho<\/td>\n<td data-start=\"650\" data-end=\"659\" data-col-size=\"md\">M\u00e9dio<\/td>\n<\/tr>\n<tr data-start=\"660\" data-end=\"689\">\n<td data-start=\"660\" data-end=\"678\" data-col-size=\"sm\">Suporte para TV<\/td>\n<td data-col-size=\"md\" data-start=\"678\" data-end=\"689\">At\u00e9 55&#8243;<\/td>\n<\/tr>\n<tr data-start=\"690\" data-end=\"718\">\n<td data-start=\"690\" data-end=\"696\" data-col-size=\"sm\">Cor<\/td>\n<td data-start=\"696\" data-end=\"718\" data-col-size=\"md\">Nature \/ Off White<\/td>\n<\/tr>\n<tr data-start=\"719\" data-end=\"739\">\n<td data-start=\"719\" data-end=\"728\" data-col-size=\"sm\">Estilo<\/td>\n<td data-start=\"728\" data-end=\"739\" data-col-size=\"md\">Moderno<\/td>\n<\/tr>\n<tr data-start=\"740\" data-end=\"764\">\n<td data-start=\"740\" data-end=\"750\" data-col-size=\"sm\">Formato<\/td>\n<td data-start=\"750\" data-end=\"764\" data-col-size=\"md\">Retangular<\/td>\n<\/tr>\n<tr data-start=\"765\" data-end=\"816\">\n<td data-start=\"765\" data-end=\"773\" data-col-size=\"sm\">Porta<\/td>\n<td data-start=\"773\" data-end=\"816\" data-col-size=\"md\">1 porta de correr com detalhes frisados<\/td>\n<\/tr>\n<tr data-start=\"817\" data-end=\"839\">\n<td data-start=\"817\" data-end=\"827\" data-col-size=\"sm\">Puxador<\/td>\n<td data-col-size=\"md\" data-start=\"827\" data-end=\"839\">Embutido<\/td>\n<\/tr>\n<tr data-start=\"840\" data-end=\"861\">\n<td data-start=\"840\" data-end=\"854\" data-col-size=\"sm\">Prateleiras<\/td>\n<td data-col-size=\"md\" data-start=\"854\" data-end=\"861\">Sim<\/td>\n<\/tr>\n<tr data-start=\"862\" data-end=\"892\">\n<td data-start=\"862\" data-end=\"877\" data-col-size=\"sm\">P\u00e9s laterais<\/td>\n<td data-col-size=\"md\" data-start=\"877\" data-end=\"892\">Com moldura<\/td>\n<\/tr>\n<tr data-start=\"893\" data-end=\"917\">\n<td data-start=\"893\" data-end=\"908\" data-col-size=\"sm\">Peso do item<\/td>\n<td data-start=\"908\" data-end=\"917\" data-col-size=\"md\">25 kg<\/td>\n<\/tr>\n<tr data-start=\"918\" data-end=\"987\">\n<td data-start=\"918\" data-end=\"941\" data-col-size=\"sm\">Dimens\u00f5es do produto<\/td>\n<td data-col-size=\"md\" data-start=\"941\" data-end=\"987\">46,5 cm (P) x 140,6 cm (L) x 10,6 cm (A) *<\/td>\n<\/tr>\n<\/tbody>\n<\/table>\n","protected":false},"excerpt":{"rendered":"<p>O Rack Gold traz um design moderno com porta de correr frisada e puxador embutido, oferecendo estilo e praticidade para a sala. Ideal para TVs de at\u00e9 55\u201d, conta com prateleira para eletr\u00f4nicos e objetos decorativos, al\u00e9m de p\u00e9s laterais com moldura que refor\u00e7am o visual contempor\u00e2neo do ambiente.<\/p>\n","protected":false},"featured_media":1232,"comment_status":"open","ping_status":"closed","template":"","meta":[],"product_brand":[],"product_cat":[15],"product_tag":[217],"class_list":{"0":"post-1229","1":"product","2":"type-product","3":"status-publish","4":"has-post-thumbnail","6":"product_cat-todos-produtos","7":"product_tag-cod-4333","9":"first","10":"instock","11":"sale","12":"shipping-taxable","13":"purchasable","14":"product-type-simple"},"_links":{"self":[{"href":"https:\/\/arthureletromoveis.com.br\/index.php?rest_route=\/wp\/v2\/product\/1229","targetHints":{"allow":["GET"]}}],"collection":[{"href":"https:\/\/arthureletromoveis.com.br\/index.php?rest_route=\/wp\/v2\/product"}],"about":[{"href":"https:\/\/arthureletromoveis.com.br\/index.php?rest_route=\/wp\/v2\/types\/product"}],"replies":[{"embeddable":true,"href":"https:\/\/arthureletromoveis.com.br\/index.php?rest_route=%2Fwp%2Fv2%2Fcomments&post=1229"}],"wp:featuredmedia":[{"embeddable":true,"href":"https:\/\/arthureletromoveis.com.br\/index.php?rest_route=\/wp\/v2\/media\/1232"}],"wp:attachment":[{"href":"https:\/\/arthureletromoveis.com.br\/index.php?rest_route=%2Fwp%2Fv2%2Fmedia&parent=1229"}],"wp:term":[{"taxonomy":"product_brand","embeddable":true,"href":"https:\/\/arthureletromoveis.com.br\/index.php?rest_route=%2Fwp%2Fv2%2Fproduct_brand&post=1229"},{"taxonomy":"product_cat","embeddable":true,"href":"https:\/\/arthureletromoveis.com.br\/index.php?rest_route=%2Fwp%2Fv2%2Fproduct_cat&post=1229"},{"taxonomy":"product_tag","embeddable":true,"href":"https:\/\/arthureletromoveis.com.br\/index.php?rest_route=%2Fwp%2Fv2%2Fproduct_tag&post=1229"}],"curies":[{"name":"wp","href":"https:\/\/api.w.org\/{rel}","templated":true}]}}