{"id":1226,"date":"2026-04-05T02:00:11","date_gmt":"2026-04-05T05:00:11","guid":{"rendered":"https:\/\/arthureletromoveis.com.br\/?post_type=product&#038;p=1226"},"modified":"2026-04-05T02:00:12","modified_gmt":"2026-04-05T05:00:12","slug":"buffet-mondrian-off-white-freijo","status":"publish","type":"product","link":"https:\/\/arthureletromoveis.com.br\/?product=buffet-mondrian-off-white-freijo","title":{"rendered":"BUFFET MONDRIAN OFF WHITE FREIJ\u00d3"},"content":{"rendered":"<table>\n<thead>\n<tr>\n<th><strong>Caracter\u00edstica<\/strong><\/th>\n<th><strong>Descri\u00e7\u00e3o<\/strong><\/th>\n<\/tr>\n<\/thead>\n<tbody>\n<tr>\n<td>Tipo de m\u00f3vel<\/td>\n<td>Buffet<\/td>\n<\/tr>\n<tr>\n<td>Modelo<\/td>\n<td>Mondrian<\/td>\n<\/tr>\n<tr>\n<td>Dimens\u00f5es<\/td>\n<td>175 cm (L) x 79 cm (A)<\/td>\n<\/tr>\n<tr>\n<td>Material da estrutura<\/td>\n<td>MDP e MDF<\/td>\n<\/tr>\n<tr>\n<td>Acabamento<\/td>\n<td>UV<\/td>\n<\/tr>\n<tr>\n<td>Estilo<\/td>\n<td>Moderno<\/td>\n<\/tr>\n<tr>\n<td>Cor<\/td>\n<td>Freij\u00f3 \/ Off White<\/td>\n<\/tr>\n<tr>\n<td>Quantidade de portas<\/td>\n<td>4<\/td>\n<\/tr>\n<tr>\n<td>Tipo de porta<\/td>\n<td>De abrir<\/td>\n<\/tr>\n<tr>\n<td>Puxadores<\/td>\n<td>Sim (2)<\/td>\n<\/tr>\n<tr>\n<td>Possui adega<\/td>\n<td>N\u00e3o<\/td>\n<\/tr>\n<tr>\n<td>Possui espelho<\/td>\n<td>N\u00e3o<\/td>\n<\/tr>\n<tr>\n<td>Possui prateleiras<\/td>\n<td>Sim<\/td>\n<\/tr>\n<tr>\n<td>Quantidade de prateleiras<\/td>\n<td>2<\/td>\n<\/tr>\n<tr>\n<td>Capacidade por prateleira<\/td>\n<td>1,5 kg<\/td>\n<\/tr>\n<tr>\n<td>Possui gavetas<\/td>\n<td>N\u00e3o<\/td>\n<\/tr>\n<tr>\n<td>Tipo de p\u00e9s<\/td>\n<td>MDP<\/td>\n<\/tr>\n<tr>\n<td>Montagem necess\u00e1ria<\/td>\n<td>Sim<\/td>\n<\/tr>\n<tr>\n<td>Uso indicado<\/td>\n<td>Sala de jantar<\/td>\n<\/tr>\n<\/tbody>\n<\/table>\n","protected":false},"excerpt":{"rendered":"<p>O Buffet Mondrian 175x79cm combina eleg\u00e2ncia e funcionalidade em um design moderno. Com quatro portas e \u00f3timo espa\u00e7o interno, organiza utens\u00edlios e objetos com efici\u00eancia. O acabamento Freij\u00f3 traz um visual sofisticado e natural, ideal para quem quer um m\u00f3vel de destaque na sala de jantar.<\/p>\n","protected":false},"featured_media":1227,"comment_status":"open","ping_status":"closed","template":"","meta":[],"product_brand":[],"product_cat":[15,17],"product_tag":[216],"class_list":{"0":"post-1226","1":"product","2":"type-product","3":"status-publish","4":"has-post-thumbnail","6":"product_cat-todos-produtos","7":"product_cat-moveis","8":"product_tag-cod-5257","10":"first","11":"instock","12":"sale","13":"shipping-taxable","14":"purchasable","15":"product-type-simple"},"_links":{"self":[{"href":"https:\/\/arthureletromoveis.com.br\/index.php?rest_route=\/wp\/v2\/product\/1226","targetHints":{"allow":["GET"]}}],"collection":[{"href":"https:\/\/arthureletromoveis.com.br\/index.php?rest_route=\/wp\/v2\/product"}],"about":[{"href":"https:\/\/arthureletromoveis.com.br\/index.php?rest_route=\/wp\/v2\/types\/product"}],"replies":[{"embeddable":true,"href":"https:\/\/arthureletromoveis.com.br\/index.php?rest_route=%2Fwp%2Fv2%2Fcomments&post=1226"}],"wp:featuredmedia":[{"embeddable":true,"href":"https:\/\/arthureletromoveis.com.br\/index.php?rest_route=\/wp\/v2\/media\/1227"}],"wp:attachment":[{"href":"https:\/\/arthureletromoveis.com.br\/index.php?rest_route=%2Fwp%2Fv2%2Fmedia&parent=1226"}],"wp:term":[{"taxonomy":"product_brand","embeddable":true,"href":"https:\/\/arthureletromoveis.com.br\/index.php?rest_route=%2Fwp%2Fv2%2Fproduct_brand&post=1226"},{"taxonomy":"product_cat","embeddable":true,"href":"https:\/\/arthureletromoveis.com.br\/index.php?rest_route=%2Fwp%2Fv2%2Fproduct_cat&post=1226"},{"taxonomy":"product_tag","embeddable":true,"href":"https:\/\/arthureletromoveis.com.br\/index.php?rest_route=%2Fwp%2Fv2%2Fproduct_tag&post=1226"}],"curies":[{"name":"wp","href":"https:\/\/api.w.org\/{rel}","templated":true}]}}